{"id":8728,"date":"2020-10-19T15:49:54","date_gmt":"2020-10-19T13:49:54","guid":{"rendered":"https:\/\/www.ggwgruber.com\/hu\/?page_id=8728"},"modified":"2025-11-05T14:10:24","modified_gmt":"2025-11-05T13:10:24","slug":"topseller","status":"publish","type":"page","link":"https:\/\/www.ggwgruber.com\/hu\/topseller\/","title":{"rendered":"GGW TOPSELLER 2024"},"content":{"rendered":"<p>[et_pb_section fb_built=&#8221;1&#8243; fullwidth=&#8221;on&#8221; _builder_version=&#8221;3.26.7&#8243; da_disable_devices=&#8221;off|off|off&#8221; da_is_popup=&#8221;off&#8221; da_exit_intent=&#8221;off&#8221; da_has_close=&#8221;on&#8221; da_alt_close=&#8221;off&#8221; da_dark_close=&#8221;off&#8221; da_not_modal=&#8221;on&#8221; da_is_singular=&#8221;off&#8221; da_with_loader=&#8221;off&#8221; da_has_shadow=&#8221;on&#8221;][et_pb_fullwidth_header title=&#8221;GGW TOPSELLER&#8221; subhead=&#8221;Az \u00e9v \u00fajdons\u00e1gai&#8221; _builder_version=&#8221;3.26.7&#8243;][\/et_pb_fullwidth_header][\/et_pb_section][et_pb_section fb_built=&#8221;1&#8243; _builder_version=&#8221;3.26.7&#8243; da_disable_devices=&#8221;off|off|off&#8221; da_is_popup=&#8221;off&#8221; da_exit_intent=&#8221;off&#8221; da_has_close=&#8221;on&#8221; da_alt_close=&#8221;off&#8221; da_dark_close=&#8221;off&#8221; da_not_modal=&#8221;on&#8221; da_is_singular=&#8221;off&#8221; da_with_loader=&#8221;off&#8221; da_has_shadow=&#8221;on&#8221;][et_pb_row column_structure=&#8221;1_2,1_2&#8243; _builder_version=&#8221;3.26.7&#8243;][et_pb_column type=&#8221;1_2&#8243; _builder_version=&#8221;3.26.7&#8243;][et_pb_text _builder_version=&#8221;3.26.7&#8243;]<\/p>\n<p>Megjelent az \u00faj GGW TOPSELLER katal\u00f3gus! Lapozza \u00e1t most! Inform\u00e1l\u00f3djon a leg\u00fajabb IoT k\u00e9zi m\u00e9r\u0151eszk\u00f6z\u00f6kr\u0151l \u2013<strong> verhetetlen \u00e1rakon! <\/strong><\/p>\n<p>[\/et_pb_text][et_pb_button button_url=&#8221;#download&#8221; button_text=&#8221;GGW TOPSELLER katal\u00f3gus let\u00f6lt\u00e9se&#8221; _builder_version=&#8221;3.26.7&#8243;][\/et_pb_button][et_pb_text _builder_version=&#8221;3.26.7&#8243;]<\/p>\n<p><a name='download'><\/a><\/p>\n<h2>Adatlap let\u00f6lt\u00e9se<\/h2>\n<p>K\u00e9rj\u00fck, t\u00f6ltse ki a k\u00f6vetkez\u0151kben tal\u00e1lhat\u00f3 \u00fcrlapot az adatlap let\u00f6lt\u00e9s\u00e9hez.<br \/>* K\u00f6telez\u0151 mez\u0151k<\/p>\n<p>&nbsp;<\/p>\n<div class=\"wpcf7 no-js\" id=\"wpcf7-f1625-o1\" lang=\"en-US\" dir=\"ltr\">\n<div class=\"screen-reader-response\">\n<p role=\"status\" aria-live=\"polite\" aria-atomic=\"true\"><\/p> <ul><\/ul>\n<\/div>\n<form action=\"\/hu\/wp-json\/wp\/v2\/pages\/8728#wpcf7-f1625-o1\" method=\"post\" class=\"wpcf7-form init\" aria-label=\"Contact form\" novalidate=\"novalidate\" data-status=\"init\">\n<label class=\"ebd_input\"><input type=\"hidden\" name=\"ebd_downloads[]\" value=\"8734|GGW TOPSELLER\"> <\/label><input type=\"hidden\" class=\"ebd_setting\" name=\"ebd_settings[]\" value=\"title|GGW TOPSELLER\"><input type=\"hidden\" class=\"ebd_setting\" name=\"ebd_settings[]\" value=\"delivered_as|inline link\"><input type=\"hidden\" class=\"ebd_setting\" name=\"ebd_settings[]\" value=\"hide_form|no\"><input type=\"hidden\" class=\"ebd_setting\" name=\"ebd_settings[]\" value=\"radio|no\"><input type=\"hidden\" class=\"ebd_setting\" name=\"ebd_settings[]\" value=\"link_format|_blank\"><input type=\"hidden\" class=\"ebd_setting\" name=\"ebd_settings[]\" value=\"file_thumbnail|no\"><input type=\"hidden\" class=\"ebd_setting\" name=\"ebd_settings[]\" value=\"item_id|167\"><input type=\"hidden\" class=\"ebd_setting\" name=\"ebd_settings[]\" value=\"form_id|wpcf7-f1625-o1\"><div style=\"display: none;\">\n<input type=\"hidden\" name=\"_wpcf7\" value=\"1625\">\n<input type=\"hidden\" name=\"_wpcf7_version\" value=\"5.9.5\">\n<input type=\"hidden\" name=\"_wpcf7_locale\" value=\"en_US\">\n<input type=\"hidden\" name=\"_wpcf7_unit_tag\" value=\"wpcf7-f1625-o1\">\n<input type=\"hidden\" name=\"_wpcf7_container_post\" value=\"0\">\n<input type=\"hidden\" name=\"_wpcf7_posted_data_hash\" value=\"\">\n<\/div>\n<p><label> N&eacute;v*<br>\n<span class=\"wpcf7-form-control-wrap\" data-name=\"your-name\"><input size=\"40\" class=\"wpcf7-form-control wpcf7-text wpcf7-validates-as-required\" aria-required=\"true\" aria-invalid=\"false\" value=\"\" type=\"text\" name=\"your-name\"><\/span> <\/label>\n<\/p>\n<p><label> V&aacute;llalat*<br>\n<span class=\"wpcf7-form-control-wrap\" data-name=\"your-company\"><input size=\"40\" class=\"wpcf7-form-control wpcf7-text wpcf7-validates-as-required\" aria-required=\"true\" aria-invalid=\"false\" value=\"\" type=\"text\" name=\"your-company\"><\/span> <\/label>\n<\/p>\n<p><label> Telefon*<br>\n<span class=\"wpcf7-form-control-wrap\" data-name=\"your-tel\"><input size=\"40\" class=\"wpcf7-form-control wpcf7-text wpcf7-validates-as-required\" aria-required=\"true\" aria-invalid=\"false\" value=\"\" type=\"text\" name=\"your-tel\"><\/span> <\/label>\n<\/p>\n<p><label> E-Mail*<br>\n<span class=\"wpcf7-form-control-wrap\" data-name=\"your-email\"><input size=\"40\" class=\"wpcf7-form-control wpcf7-email wpcf7-validates-as-required wpcf7-text wpcf7-validates-as-email\" aria-required=\"true\" aria-invalid=\"false\" value=\"\" type=\"email\" name=\"your-email\"><\/span> <\/label>\n<\/p>\n<p><label><span class=\"wpcf7-form-control-wrap\" data-name=\"checkbox-datenschutz\"><span class=\"wpcf7-form-control wpcf7-checkbox wpcf7-validates-as-required\"><span class=\"wpcf7-list-item first last\"><input type=\"checkbox\" name=\"checkbox-datenschutz[]\" value=\"\"><span class=\"wpcf7-list-item-label\"><\/span><\/span><\/span><\/span>Beleegyezek adataim kezel&eacute;s&eacute;be, kapcsolattart&aacute;s c&eacute;lj&aacute;b&oacute;l. Az <a href=\"\/datenschutz\/\" target=\"_blank\">Adatv&eacute;delmi felt&eacute;teleket<\/a> elolvastam &eacute;s azzal egyet&eacute;rtek.*<\/label>\n<\/p>\n<p><input class=\"wpcf7-form-control wpcf7-submit has-spinner et_pb_button et_pb_button_0 et_hover_enabled et_pb_bg_layout_light\" type=\"submit\" value=\"Adatlap let&ouml;lt&eacute;se\">\n<\/p>\n<div class=\"wpcf7-response-output\" aria-hidden=\"true\"><\/div>\n<\/form>\n<\/div>\n\n<p>[\/et_pb_text][\/et_pb_column][et_pb_column type=&#8221;1_2&#8243; _builder_version=&#8221;3.26.7&#8243;][et_pb_image src=&#8221;https:\/\/www.ggwgruber.com\/hu\/wp-content\/uploads\/2025\/11\/Topseller-2025-2-HU-Cover_sm.webp&#8221; url=&#8221;#download&#8221; align=&#8221;center&#8221; _builder_version=&#8221;3.26.7&#8243; box_shadow_style=&#8221;preset2&#8243; height=&#8221;350px&#8221; height_last_edited=&#8221;on|phone&#8221;][\/et_pb_image][\/et_pb_column][\/et_pb_row][\/et_pb_section]<\/p>\n","protected":false},"excerpt":{"rendered":"<p>[et_pb_section fb_built=&#8221;1&#8243; fullwidth=&#8221;on&#8221; _builder_version=&#8221;3.26.7&#8243; da_disable_devices=&#8221;off|off|off&#8221; da_is_popup=&#8221;off&#8221; da_exit_intent=&#8221;off&#8221; da_has_close=&#8221;on&#8221; da_alt_close=&#8221;off&#8221; da_dark_close=&#8221;off&#8221; da_not_modal=&#8221;on&#8221; da_is_singular=&#8221;off&#8221; da_with_loader=&#8221;off&#8221; da_has_shadow=&#8221;on&#8221;][et_pb_fullwidth_header title=&#8221;GGW TOPSELLER&#8221; subhead=&#8221;Az \u00e9v \u00fajdons\u00e1gai&#8221; _builder_version=&#8221;3.26.7&#8243;][\/et_pb_fullwidth_header][\/et_pb_section][et_pb_section fb_built=&#8221;1&#8243; _builder_version=&#8221;3.26.7&#8243; da_disable_devices=&#8221;off|off|off&#8221; da_is_popup=&#8221;off&#8221; da_exit_intent=&#8221;off&#8221; da_has_close=&#8221;on&#8221; da_alt_close=&#8221;off&#8221; da_dark_close=&#8221;off&#8221; da_not_modal=&#8221;on&#8221; da_is_singular=&#8221;off&#8221; da_with_loader=&#8221;off&#8221; da_has_shadow=&#8221;on&#8221;][et_pb_row column_structure=&#8221;1_2,1_2&#8243; _builder_version=&#8221;3.26.7&#8243;][et_pb_column type=&#8221;1_2&#8243; _builder_version=&#8221;3.26.7&#8243;][et_pb_text _builder_version=&#8221;3.26.7&#8243;] Megjelent az \u00faj GGW TOPSELLER katal\u00f3gus! Lapozza \u00e1t most! Inform\u00e1l\u00f3djon a leg\u00fajabb IoT k\u00e9zi m\u00e9r\u0151eszk\u00f6z\u00f6kr\u0151l \u2013 verhetetlen \u00e1rakon! [&hellip;]<\/p>\n","protected":false},"author":8,"featured_media":0,"parent":0,"menu_order":0,"comment_status":"closed","ping_status":"closed","template":"","meta":{"_et_pb_use_builder":"on","_et_pb_old_content":"","footnotes":""},"_links":{"self":[{"href":"https:\/\/www.ggwgruber.com\/hu\/wp-json\/wp\/v2\/pages\/8728"}],"collection":[{"href":"https:\/\/www.ggwgruber.com\/hu\/wp-json\/wp\/v2\/pages"}],"about":[{"href":"https:\/\/www.ggwgruber.com\/hu\/wp-json\/wp\/v2\/types\/page"}],"author":[{"embeddable":true,"href":"https:\/\/www.ggwgruber.com\/hu\/wp-json\/wp\/v2\/users\/8"}],"replies":[{"embeddable":true,"href":"https:\/\/www.ggwgruber.com\/hu\/wp-json\/wp\/v2\/comments?post=8728"}],"version-history":[{"count":16,"href":"https:\/\/www.ggwgruber.com\/hu\/wp-json\/wp\/v2\/pages\/8728\/revisions"}],"predecessor-version":[{"id":11480,"href":"https:\/\/www.ggwgruber.com\/hu\/wp-json\/wp\/v2\/pages\/8728\/revisions\/11480"}],"wp:attachment":[{"href":"https:\/\/www.ggwgruber.com\/hu\/wp-json\/wp\/v2\/media?parent=8728"}],"curies":[{"name":"wp","href":"https:\/\/api.w.org\/{rel}","templated":true}]}}