{"id":952,"date":"2018-07-11T16:11:45","date_gmt":"2018-07-11T14:11:45","guid":{"rendered":"http:\/\/kggrk.w4yserver.at\/?page_id=952"},"modified":"2023-08-01T09:10:42","modified_gmt":"2023-08-01T07:10:42","slug":"contact","status":"publish","type":"page","link":"https:\/\/www.ggwgruber.com\/eu\/contact\/","title":{"rendered":"Contact"},"content":{"rendered":"<p>[et_pb_section fb_built=&#8221;1&#8243; fullwidth=&#8221;on&#8221; _builder_version=&#8221;4.16&#8243; custom_padding=&#8221;0px|0px|0px|0px&#8221; da_disable_devices=&#8221;off|off|off&#8221; global_colors_info=&#8221;{}&#8221; da_is_popup=&#8221;off&#8221; da_exit_intent=&#8221;off&#8221; da_has_close=&#8221;on&#8221; da_alt_close=&#8221;off&#8221; da_dark_close=&#8221;off&#8221; da_not_modal=&#8221;on&#8221; da_is_singular=&#8221;off&#8221; da_with_loader=&#8221;off&#8221; da_has_shadow=&#8221;on&#8221;][et_pb_fullwidth_header title=&#8221;Contact us!&#8221; _builder_version=&#8221;4.21.0&#8243; title_text_align=&#8221;left&#8221; title_font_size=&#8221;40px&#8221; content_text_align=&#8221;left&#8221; subhead_text_align=&#8221;justify&#8221; use_background_color_gradient=&#8221;on&#8221; background_color_gradient_type=&#8221;circular&#8221; background_color_gradient_direction_radial=&#8221;bottom right&#8221; background_color_gradient_stops=&#8221;#2b87da 16%|#1c598e 100%&#8221; background_color_gradient_start_position=&#8221;16%&#8221; background_color_gradient_end=&#8221;#1c598e&#8221; hover_enabled=&#8221;0&#8243; global_colors_info=&#8221;{}&#8221; button_one_text_size__hover_enabled=&#8221;off&#8221; button_one_text_size__hover=&#8221;null&#8221; button_two_text_size__hover_enabled=&#8221;off&#8221; button_two_text_size__hover=&#8221;null&#8221; button_one_text_color__hover_enabled=&#8221;off&#8221; button_one_text_color__hover=&#8221;null&#8221; button_two_text_color__hover_enabled=&#8221;off&#8221; button_two_text_color__hover=&#8221;null&#8221; button_one_border_width__hover_enabled=&#8221;off&#8221; button_one_border_width__hover=&#8221;null&#8221; button_two_border_width__hover_enabled=&#8221;off&#8221; button_two_border_width__hover=&#8221;null&#8221; button_one_border_color__hover_enabled=&#8221;off&#8221; button_one_border_color__hover=&#8221;null&#8221; button_two_border_color__hover_enabled=&#8221;off&#8221; button_two_border_color__hover=&#8221;null&#8221; button_one_border_radius__hover_enabled=&#8221;off&#8221; button_one_border_radius__hover=&#8221;null&#8221; button_two_border_radius__hover_enabled=&#8221;off&#8221; button_two_border_radius__hover=&#8221;null&#8221; button_one_letter_spacing__hover_enabled=&#8221;off&#8221; button_one_letter_spacing__hover=&#8221;null&#8221; button_two_letter_spacing__hover_enabled=&#8221;off&#8221; button_two_letter_spacing__hover=&#8221;null&#8221; button_one_bg_color__hover_enabled=&#8221;off&#8221; button_one_bg_color__hover=&#8221;null&#8221; button_two_bg_color__hover_enabled=&#8221;off&#8221; button_two_bg_color__hover=&#8221;null&#8221; sticky_enabled=&#8221;0&#8243;]<\/p>\n<p>We have a comprehensive service and support network across the whole of Austria and Hungary.<br \/>Contact us \u2013 we are just around the corner.<\/p>\n<p>&nbsp;<\/p>\n<p>[\/et_pb_fullwidth_header][\/et_pb_section][et_pb_section fb_built=&#8221;1&#8243; _builder_version=&#8221;4.16&#8243; custom_margin=&#8221;0px|0px|0px|0px&#8221; custom_padding=&#8221;0px|0px|0px|0px&#8221; da_disable_devices=&#8221;off|off|off&#8221; global_colors_info=&#8221;{}&#8221; da_is_popup=&#8221;off&#8221; da_exit_intent=&#8221;off&#8221; da_has_close=&#8221;on&#8221; da_alt_close=&#8221;off&#8221; da_dark_close=&#8221;off&#8221; da_not_modal=&#8221;on&#8221; da_is_singular=&#8221;off&#8221; da_with_loader=&#8221;off&#8221; da_has_shadow=&#8221;on&#8221;][et_pb_row _builder_version=&#8221;4.16&#8243; width=&#8221;100%&#8221; max_width=&#8221;100%&#8221; module_alignment=&#8221;center&#8221; custom_margin=&#8221;0px|0px|0px|0px&#8221; custom_padding=&#8221;0px|0px|0px|0px&#8221; use_custom_width=&#8221;on&#8221; width_unit=&#8221;off&#8221; custom_width_percent=&#8221;100%&#8221; global_colors_info=&#8221;{}&#8221;][et_pb_column type=&#8221;4_4&#8243; _builder_version=&#8221;4.16&#8243; custom_padding=&#8221;0px|0px|0px|0px&#8221; global_colors_info=&#8221;{}&#8221; custom_padding__hover=&#8221;|||&#8221;][et_pb_map_extended address=&#8221;\u00d6sterreich&#8221; zoom_level=&#8221;7&#8243; address_lat=&#8221;47.355405289090335&#8243; address_lng=&#8221;17.324119851562497&#8243; gesture_handling=&#8221;cooperative&#8221; use_grayscale_filter=&#8221;on&#8221; grayscale_filter_amount=&#8221;100&#8243; map_type_control_style=&#8221;DEFAULT&#8221; marker_center=&#8221;off&#8221; bounce_on_click_on_off=&#8221;off&#8221; marker_animation=&#8221;off&#8221; map_options=&#8221;2&#8243; map_height_tablet=&#8221;600&#8243; _builder_version=&#8221;4.21.0&#8243; min_height=&#8221;340px&#8221; custom_margin=&#8221;||-3px|||&#8221; custom_padding=&#8221;||1px|||&#8221; hover_enabled=&#8221;0&#8243; z_index_tablet=&#8221;500&#8243; global_colors_info=&#8221;{}&#8221; sticky_enabled=&#8221;0&#8243;][et_pb_map_pin_extended title=&#8221;IFT demolab&#8221; pin_address=&#8221;Obj. 221, Franz-Grill-Stra\u00dfe 4, 1030 Wien, \u00d6sterreich&#8221; pin_address_lat=&#8221;48.18128413031959&#8243; pin_address_lng=&#8221;16.39771693951718&#8243; pin_on_off=&#8221;on&#8221; pin_src=&#8221;https:\/\/www.ggwgruber.com\/eu\/wp-content\/themes\/Divi-Child\/images\/marker_lab.png&#8221; _builder_version=&#8221;4.21.0&#8243; hover_enabled=&#8221;0&#8243; global_colors_info=&#8221;{}&#8221; sticky_enabled=&#8221;0&#8243;]<\/p>\n<p>TEC-Lab Labor f\u00fcr Fertigungstechnik<\/p>\n<p>1030 Vienna<br \/>Austria<\/p>\n<p>[\/et_pb_map_pin_extended][et_pb_map_pin_extended title=&#8221;Industry 4.0 demolab&#8221; pin_address=&#8221;Seestadtstra\u00dfe 27, 1220 Wien, \u00d6sterreich&#8221; pin_address_lat=&#8221;48.223266&#8243; pin_address_lng=&#8221;16.50968929999999&#8243; pin_on_off=&#8221;on&#8221; pin_src=&#8221;https:\/\/www.ggwgruber.com\/eu\/wp-content\/themes\/Divi-Child\/images\/marker_lab.png&#8221; _builder_version=&#8221;4.21.0&#8243; hover_enabled=&#8221;0&#8243; global_colors_info=&#8221;{}&#8221; sticky_enabled=&#8221;0&#8243;]<\/p>\n<p>researchTUb<\/p>\n<p>1220 Vienna<br \/>Austria<\/p>\n<p>[\/et_pb_map_pin_extended][et_pb_map_pin_extended title=&#8221;Haag am Hausruck&#8221; pin_address=&#8221;4680 Haag am Hausruck, \u00d6sterreich&#8221; pin_address_lat=&#8221;48.1850529&#8243; pin_address_lng=&#8221;13.641327300000057&#8243; pin_on_off=&#8221;on&#8221; pin_src=&#8221;https:\/\/www.ggwgruber.com\/eu\/wp-content\/themes\/Divi-Child\/images\/marker_service.png&#8221; _builder_version=&#8221;3.21.1&#8243; global_colors_info=&#8221;{}&#8221;]<\/p>\n<p>Servicest\u00fctzpunkt<\/p>\n<p>4680 Haag am Hausruck<br \/>Austria<\/p>\n<p>[\/et_pb_map_pin_extended][et_pb_map_pin_extended title=&#8221;Purkersdorf&#8221; pin_address=&#8221;3002 Purkersdorf, \u00d6sterreich&#8221; pin_address_lat=&#8221;48.19288179999999&#8243; pin_address_lng=&#8221;16.17532630000005&#8243; pin_on_off=&#8221;on&#8221; pin_src=&#8221;https:\/\/www.ggwgruber.com\/eu\/wp-content\/themes\/Divi-Child\/images\/marker_service.png&#8221; _builder_version=&#8221;3.21.1&#8243; global_colors_info=&#8221;{}&#8221;]<\/p>\n<div class=\"infowindow\">\n<div class=\"infowindow\">\n<p>Servicest\u00fctzpunkt<\/p>\n<p><span class=\"st\">3002<\/span> Purkersdorf<br \/>Austria<\/p>\n<\/div>\n<\/div>\n<p>[\/et_pb_map_pin_extended][et_pb_map_pin_extended title=&#8221;Stegersbach&#8221; pin_address=&#8221;7551 Rohr im Burgenland, \u00d6sterreich&#8221; pin_address_lat=&#8221;47.1187435&#8243; pin_address_lng=&#8221;16.162928899999997&#8243; pin_on_off=&#8221;on&#8221; pin_src=&#8221;https:\/\/www.ggwgruber.com\/eu\/wp-content\/themes\/Divi-Child\/images\/marker_service.png&#8221; _builder_version=&#8221;3.21.1&#8243; global_colors_info=&#8221;{}&#8221;]<\/p>\n<div class=\"infowindow\">\n<div class=\"infowindow\">\n<div class=\"infowindow\">\n<p>Servicest\u00fctzpunkt<\/p>\n<p>7551 Stegersbach<br \/>Austria<\/p>\n<\/div>\n<\/div>\n<\/div>\n<p>[\/et_pb_map_pin_extended][et_pb_map_pin_extended title=&#8221; Kecskem\u00e9t&#8221; pin_address=&#8221;Kecskem\u00e9t, 6000 Ungarn&#8221; pin_address_lat=&#8221;46.90028419999999&#8243; pin_address_lng=&#8221;19.694459400000028&#8243; pin_on_off=&#8221;on&#8221; pin_src=&#8221;https:\/\/www.ggwgruber.com\/eu\/wp-content\/themes\/Divi-Child\/images\/marker_service.png&#8221; _builder_version=&#8221;3.21.1&#8243; global_colors_info=&#8221;{}&#8221;]<\/p>\n<div class=\"infowindow\">\n<div class=\"infowindow\">\n<div class=\"infowindow\">\n<div class=\"infowindow\">\n<p>Servicest\u00fctzpunkt<\/p>\n<p>6000 Kecskem\u00e9t<\/p>\n<\/div>\n<\/div>\n<\/div>\n<\/div>\n<p>[\/et_pb_map_pin_extended][et_pb_map_pin_extended title=&#8221;Bruck\/Mur&#8221; pin_address=&#8221;8600 Bruck an der Mur, \u00d6sterreich&#8221; pin_address_lat=&#8221;47.40993&#8243; pin_address_lng=&#8221;15.268609999999967&#8243; pin_on_off=&#8221;on&#8221; pin_src=&#8221;https:\/\/www.ggwgruber.com\/eu\/wp-content\/themes\/Divi-Child\/images\/marker_service.png&#8221; _builder_version=&#8221;3.21.1&#8243; global_colors_info=&#8221;{}&#8221;]<\/p>\n<div class=\"infowindow\">\n<div class=\"infowindow\">\n<div class=\"infowindow\">\n<p>Servicest\u00fctzpunkt<\/p>\n<p>8600 Bruck\/Mur<br \/>Austria<\/p>\n<\/div>\n<\/div>\n<\/div>\n<p>[\/et_pb_map_pin_extended][et_pb_map_pin_extended title=&#8221; Szeksz\u00e1rd&#8221; pin_address=&#8221;Szeksz\u00e1rd, Kiskorz\u00f3 t\u00e9r 1, 7100 Ungarn&#8221; pin_address_lat=&#8221;46.350610963283664&#8243; pin_address_lng=&#8221;18.70301575205076&#8243; pin_on_off=&#8221;on&#8221; pin_src=&#8221;https:\/\/www.ggwgruber.com\/eu\/wp-content\/themes\/Divi-Child\/images\/marker_service.png&#8221; _builder_version=&#8221;3.21.1&#8243; global_colors_info=&#8221;{}&#8221;]<\/p>\n<div class=\"infowindow\">\n<div class=\"infowindow\">\n<div class=\"infowindow\">\n<div class=\"infowindow\">\n<p>Servicest\u00fctzpunkt<\/p>\n<p>7100 Szeksz\u00e1rd<\/p>\n<\/div>\n<\/div>\n<\/div>\n<\/div>\n<p>[\/et_pb_map_pin_extended][et_pb_map_pin_extended title=&#8221; V\u00f6lkermarkt&#8221; pin_address=&#8221;Wildstra\u00dfe 21, 9100 V\u00f6lkermarkt, \u00d6sterreich&#8221; pin_address_lat=&#8221;46.6619598&#8243; pin_address_lng=&#8221;14.644683699999973&#8243; pin_on_off=&#8221;on&#8221; pin_src=&#8221;https:\/\/www.ggwgruber.com\/eu\/wp-content\/themes\/Divi-Child\/images\/marker_service.png&#8221; _builder_version=&#8221;3.21.1&#8243; global_colors_info=&#8221;{}&#8221;]<\/p>\n<div class=\"infowindow\">\n<div class=\"infowindow\">\n<div class=\"infowindow\">\n<div class=\"infowindow\">\n<p>Kalibrierlabor, Messlabor, Schulungszentrum und Servicest\u00fctzpunkt<\/p>\n<p>Wildstra\u00dfe 21<br \/>9100 V\u00f6lkermarkt<br \/>Austria<\/p>\n<\/div>\n<\/div>\n<\/div>\n<\/div>\n<p>[\/et_pb_map_pin_extended][et_pb_map_pin_extended title=&#8221;Headquarters Hungary&#8221; pin_address=&#8221;Ajka, Szent Istv\u00e1n \u00fat 75, 8400 Ungarn&#8221; pin_address_lat=&#8221;47.09638700000001&#8243; pin_address_lng=&#8221;17.537499000000025&#8243; pin_on_off=&#8221;on&#8221; pin_src=&#8221;https:\/\/www.ggwgruber.com\/eu\/wp-content\/themes\/Divi-Child\/images\/marker_zentrale.png&#8221; _builder_version=&#8221;4.21.0&#8243; hover_enabled=&#8221;0&#8243; global_colors_info=&#8221;{}&#8221; sticky_enabled=&#8221;0&#8243;]<\/p>\n<div class=\"infowindow\">\n<div class=\"infowindow\">\n<p>Training center, measuring lab and service point<\/p>\n<p>8400 Ajka, Szent Istv\u00e1n \u00fat 75.<br \/>Tel: +36 88 560 300<br \/>Fax: +36 88 204 021<br \/><a href=\"mailto:office@ggwgruber.hu\">office@ggwgruber.hu<\/a><\/p>\n<\/div>\n<\/div>\n<p>[\/et_pb_map_pin_extended][et_pb_map_pin_extended title=&#8221;Headquarters Austria&#8221; marker_label_text=&#8221;Headquarters Austria&#8221; pin_address=&#8221;Kolingasse 6, 1090 Wien, \u00d6sterreich&#8221; pin_address_lat=&#8221;48.2154586&#8243; pin_address_lng=&#8221;16.362329799999998&#8243; pin_on_off=&#8221;on&#8221; pin_src=&#8221;https:\/\/www.ggwgruber.com\/eu\/wp-content\/themes\/Divi-Child\/images\/marker_zentrale.png&#8221; _builder_version=&#8221;4.21.0&#8243; hover_enabled=&#8221;0&#8243; global_colors_info=&#8221;{}&#8221; sticky_enabled=&#8221;0&#8243;]<\/p>\n<div class=\"infowindow\">\n<div class=\"infowindow\">\n<p>Calibration lab, training center and service point<\/p>\n<p>Kolingasse 6<br \/>1090 Vienna<br \/>Austria<\/p>\n<p>Telefon: +43 1 310 75 96-0<br \/>Fax: +43 1 310 75 96-31<br \/><a href=\"mailto:office@ggwgruber.at\">office@ggwgruber.at<\/a><\/p>\n<\/div>\n<\/div>\n<p>[\/et_pb_map_pin_extended][\/et_pb_map_extended][\/et_pb_column][\/et_pb_row][et_pb_row column_structure=&#8221;1_4,1_4,1_2&#8243; _builder_version=&#8221;4.16&#8243; custom_padding=&#8221;35px|0px|13.15px|0px|false|false&#8221; global_colors_info=&#8221;{}&#8221;][et_pb_column type=&#8221;1_4&#8243; _builder_version=&#8221;4.16&#8243; custom_padding=&#8221;|||&#8221; global_colors_info=&#8221;{}&#8221; custom_padding__hover=&#8221;|||&#8221;][et_pb_text _builder_version=&#8221;4.21.0&#8243; hover_enabled=&#8221;0&#8243; global_colors_info=&#8221;{}&#8221; sticky_enabled=&#8221;0&#8243;]<\/p>\n<h4>Headquarters Austria<\/h4>\n<p>Kolingasse 6, A-1090 Wien<br \/>tel: +43 1 310 75 96-0<br \/>fax: +43 1 310 75 96-31<br \/>e-mail: <a href=\"mailto:office@ggwgruber.at\">office@ggwgruber.at<\/a><\/p>\n<p>[\/et_pb_text][\/et_pb_column][et_pb_column type=&#8221;1_4&#8243; _builder_version=&#8221;4.16&#8243; custom_padding=&#8221;|||&#8221; global_colors_info=&#8221;{}&#8221; custom_padding__hover=&#8221;|||&#8221;][et_pb_text _builder_version=&#8221;4.21.0&#8243; hover_enabled=&#8221;0&#8243; global_colors_info=&#8221;{}&#8221; sticky_enabled=&#8221;0&#8243;]<\/p>\n<h4>Headquarters Hungary<\/h4>\n<p>H-8400 Ajka, Szent Istv\u00e1n \u00fat 75.<br \/>tel: +36 88 560 300<br \/>fax: +36 88 560 301<br \/>e-mail: <a href=\"mailto:office@ggwgruber.hu\">office@ggwgruber.hu<\/a><\/p>\n<p>[\/et_pb_text][\/et_pb_column][et_pb_column type=&#8221;1_2&#8243; _builder_version=&#8221;4.16&#8243; custom_padding=&#8221;|||&#8221; global_colors_info=&#8221;{}&#8221; custom_padding__hover=&#8221;|||&#8221;][et_pb_contact_form email=&#8221;office@ggwgruber.com&#8221; title=&#8221;Contact form&#8221; use_redirect=&#8221;on&#8221; redirect_url=&#8221;https:\/\/www.ggwgruber.com\/eu\/danke\/&#8221; success_message=&#8221;Thank you, your message was sent!&#8221; submit_button_text=&#8221;Send Message&#8221; module_id=&#8221;et_pb_contact_form_0&#8243; _builder_version=&#8221;4.16&#8243; _unique_id=&#8221;10bcb47e-c089-49cf-8112-b5f7b83ba11e&#8221; title_level=&#8221;h2&#8243; saved_tabs=&#8221;all&#8221; global_colors_info=&#8221;{}&#8221;][et_pb_contact_field field_id=&#8221;firma&#8221; field_title=&#8221;company&#8221; required_mark=&#8221;off&#8221; fullwidth_field=&#8221;on&#8221; _builder_version=&#8221;4.16&#8243; global_colors_info=&#8221;{}&#8221;][\/et_pb_contact_field][et_pb_contact_field field_id=&#8221;name&#8221; field_title=&#8221;name*&#8221; fullwidth_field=&#8221;on&#8221; _builder_version=&#8221;4.16&#8243; global_colors_info=&#8221;{}&#8221;][\/et_pb_contact_field][et_pb_contact_field field_id=&#8221;strasse&#8221; field_title=&#8221;address*&#8221; required_mark=&#8221;off&#8221; fullwidth_field=&#8221;on&#8221; _builder_version=&#8221;4.16&#8243; global_colors_info=&#8221;{}&#8221;][\/et_pb_contact_field][et_pb_contact_field field_id=&#8221;plz&#8221; field_title=&#8221;postal code*&#8221; fullwidth_field=&#8221;on&#8221; _builder_version=&#8221;4.16&#8243; global_colors_info=&#8221;{}&#8221;][\/et_pb_contact_field][et_pb_contact_field field_id=&#8221;ort&#8221; field_title=&#8221;city*&#8221; fullwidth_field=&#8221;on&#8221; _builder_version=&#8221;4.16&#8243; global_colors_info=&#8221;{}&#8221;][\/et_pb_contact_field][et_pb_contact_field field_id=&#8221;email&#8221; field_title=&#8221;e-mail*&#8221; field_type=&#8221;email&#8221; fullwidth_field=&#8221;on&#8221; _builder_version=&#8221;4.16&#8243; global_colors_info=&#8221;{}&#8221;][\/et_pb_contact_field][et_pb_contact_field field_id=&#8221;telefon&#8221; field_title=&#8221;phone&#8221; required_mark=&#8221;off&#8221; fullwidth_field=&#8221;on&#8221; _builder_version=&#8221;4.16&#8243; global_colors_info=&#8221;{}&#8221;][\/et_pb_contact_field][et_pb_contact_field field_id=&#8221;nachricht&#8221; field_title=&#8221;your message*&#8221; field_type=&#8221;text&#8221; fullwidth_field=&#8221;on&#8221; _builder_version=&#8221;4.16&#8243; global_colors_info=&#8221;{}&#8221;][\/et_pb_contact_field][et_pb_contact_field field_id=&#8221;DSGVO&#8221; field_title=&#8221;GDPA&#8221; field_type=&#8221;checkbox&#8221; checkbox_options=&#8221;%91{%22value%22:%22I read and understood the <a href=%92%22\/datenschutz%92%22>privacy policy<\/a> and accept it.%22,%22checked%22:0,%22dragID%22:-1,%22link_url%22:%22\/datenschutz\/%22}%93&#8243; fullwidth_field=&#8221;on&#8221; _builder_version=&#8221;4.16&#8243; link_option_url=&#8221;https:\/\/www.ggwgruber.com\/eu\/datenschutz\/&#8221; link_option_url_new_window=&#8221;on&#8221; global_colors_info=&#8221;{}&#8221;][\/et_pb_contact_field][\/et_pb_contact_form][\/et_pb_column][\/et_pb_row][et_pb_row _builder_version=&#8221;4.16&#8243; background_size=&#8221;initial&#8221; background_position=&#8221;top_left&#8221; background_repeat=&#8221;repeat&#8221; global_colors_info=&#8221;{}&#8221;][et_pb_column type=&#8221;4_4&#8243; _builder_version=&#8221;4.16&#8243; custom_padding=&#8221;|||&#8221; global_colors_info=&#8221;{}&#8221; custom_padding__hover=&#8221;|||&#8221;][et_pb_code admin_label=&#8221;Analytics Conversion Code&#8221; _builder_version=&#8221;3.26.7&#8243; z_index_tablet=&#8221;500&#8243; global_module=&#8221;7386&#8243; saved_tabs=&#8221;all&#8221; global_colors_info=&#8221;{}&#8221;]<!-- Event snippet for Google Adwords conversion page --><!-- [et_pb_line_break_holder] --><script><!-- [et_pb_line_break_holder] -->  gtag('event', 'conversion', {'send_to': 'AW-1001775902\/3p6KCKaztrQBEJ7G190D'});<!-- [et_pb_line_break_holder] --><\/script>[\/et_pb_code][\/et_pb_column][\/et_pb_row][\/et_pb_section]<\/p>\n","protected":false},"excerpt":{"rendered":"<p>We have a comprehensive service and support network across the whole of Austria and Hungary.Contact us \u2013 we are just around the corner. &nbsp;TEC-Lab Labor f\u00fcr Fertigungstechnik 1030 ViennaAustriaresearchTUb 1220 ViennaAustriaServicest\u00fctzpunkt4680 Haag am HausruckAustria Servicest\u00fctzpunkt3002 PurkersdorfAustria Servicest\u00fctzpunkt7551 StegersbachAustria Servicest\u00fctzpunkt6000 Kecskem\u00e9t Servicest\u00fctzpunkt8600 Bruck\/MurAustria Servicest\u00fctzpunkt7100 Szeksz\u00e1rd Kalibrierlabor, Messlabor, Schulungszentrum und Servicest\u00fctzpunktWildstra\u00dfe 219100 V\u00f6lkermarktAustria Training center, measuring lab [&hellip;]<\/p>\n","protected":false},"author":1,"featured_media":0,"parent":0,"menu_order":0,"comment_status":"closed","ping_status":"closed","template":"","meta":{"_et_pb_use_builder":"on","_et_pb_old_content":"","_et_gb_content_width":"","footnotes":""},"aioseo_notices":[],"_links":{"self":[{"href":"https:\/\/www.ggwgruber.com\/eu\/wp-json\/wp\/v2\/pages\/952"}],"collection":[{"href":"https:\/\/www.ggwgruber.com\/eu\/wp-json\/wp\/v2\/pages"}],"about":[{"href":"https:\/\/www.ggwgruber.com\/eu\/wp-json\/wp\/v2\/types\/page"}],"author":[{"embeddable":true,"href":"https:\/\/www.ggwgruber.com\/eu\/wp-json\/wp\/v2\/users\/1"}],"replies":[{"embeddable":true,"href":"https:\/\/www.ggwgruber.com\/eu\/wp-json\/wp\/v2\/comments?post=952"}],"version-history":[{"count":72,"href":"https:\/\/www.ggwgruber.com\/eu\/wp-json\/wp\/v2\/pages\/952\/revisions"}],"predecessor-version":[{"id":11378,"href":"https:\/\/www.ggwgruber.com\/eu\/wp-json\/wp\/v2\/pages\/952\/revisions\/11378"}],"wp:attachment":[{"href":"https:\/\/www.ggwgruber.com\/eu\/wp-json\/wp\/v2\/media?parent=952"}],"curies":[{"name":"wp","href":"https:\/\/api.w.org\/{rel}","templated":true}]}}