{"id":367,"date":"2018-06-20T09:50:41","date_gmt":"2018-06-20T07:50:41","guid":{"rendered":"http:\/\/kggrk.w4yserver.at\/?page_id=367"},"modified":"2023-08-30T13:57:58","modified_gmt":"2023-08-30T11:57:58","slug":"imprint","status":"publish","type":"page","link":"https:\/\/www.ggwgruber.com\/eu\/imprint\/","title":{"rendered":"Imprint"},"content":{"rendered":"<p>[et_pb_section fb_built=&#8221;1&#8243; admin_label=&#8221;section&#8221; _builder_version=&#8221;4.16&#8243; da_disable_devices=&#8221;off|off|off&#8221; global_colors_info=&#8221;{}&#8221; da_is_popup=&#8221;off&#8221; da_exit_intent=&#8221;off&#8221; da_has_close=&#8221;on&#8221; da_alt_close=&#8221;off&#8221; da_dark_close=&#8221;off&#8221; da_not_modal=&#8221;on&#8221; da_is_singular=&#8221;off&#8221; da_with_loader=&#8221;off&#8221; da_has_shadow=&#8221;on&#8221;][et_pb_row admin_label=&#8221;row&#8221; _builder_version=&#8221;4.16&#8243; background_size=&#8221;initial&#8221; background_position=&#8221;top_left&#8221; background_repeat=&#8221;repeat&#8221; global_colors_info=&#8221;{}&#8221;][et_pb_column type=&#8221;4_4&#8243; _builder_version=&#8221;4.16&#8243; custom_padding=&#8221;|||&#8221; global_colors_info=&#8221;{}&#8221; custom_padding__hover=&#8221;|||&#8221;][et_pb_text _builder_version=&#8221;4.21.0&#8243; background_size=&#8221;initial&#8221; background_position=&#8221;top_left&#8221; background_repeat=&#8221;repeat&#8221; hover_enabled=&#8221;0&#8243; z_index_tablet=&#8221;500&#8243; text_text_shadow_horizontal_length_tablet=&#8221;0px&#8221; text_text_shadow_vertical_length_tablet=&#8221;0px&#8221; text_text_shadow_blur_strength_tablet=&#8221;1px&#8221; link_text_shadow_horizontal_length_tablet=&#8221;0px&#8221; link_text_shadow_vertical_length_tablet=&#8221;0px&#8221; link_text_shadow_blur_strength_tablet=&#8221;1px&#8221; ul_text_shadow_horizontal_length_tablet=&#8221;0px&#8221; ul_text_shadow_vertical_length_tablet=&#8221;0px&#8221; ul_text_shadow_blur_strength_tablet=&#8221;1px&#8221; ol_text_shadow_horizontal_length_tablet=&#8221;0px&#8221; ol_text_shadow_vertical_length_tablet=&#8221;0px&#8221; ol_text_shadow_blur_strength_tablet=&#8221;1px&#8221; quote_text_shadow_horizontal_length_tablet=&#8221;0px&#8221; quote_text_shadow_vertical_length_tablet=&#8221;0px&#8221; quote_text_shadow_blur_strength_tablet=&#8221;1px&#8221; header_text_shadow_horizontal_length_tablet=&#8221;0px&#8221; header_text_shadow_vertical_length_tablet=&#8221;0px&#8221; header_text_shadow_blur_strength_tablet=&#8221;1px&#8221; header_2_text_shadow_horizontal_length_tablet=&#8221;0px&#8221; header_2_text_shadow_vertical_length_tablet=&#8221;0px&#8221; header_2_text_shadow_blur_strength_tablet=&#8221;1px&#8221; header_3_text_shadow_horizontal_length_tablet=&#8221;0px&#8221; header_3_text_shadow_vertical_length_tablet=&#8221;0px&#8221; header_3_text_shadow_blur_strength_tablet=&#8221;1px&#8221; header_4_text_shadow_horizontal_length_tablet=&#8221;0px&#8221; header_4_text_shadow_vertical_length_tablet=&#8221;0px&#8221; header_4_text_shadow_blur_strength_tablet=&#8221;1px&#8221; header_5_text_shadow_horizontal_length_tablet=&#8221;0px&#8221; header_5_text_shadow_vertical_length_tablet=&#8221;0px&#8221; header_5_text_shadow_blur_strength_tablet=&#8221;1px&#8221; header_6_text_shadow_horizontal_length_tablet=&#8221;0px&#8221; header_6_text_shadow_vertical_length_tablet=&#8221;0px&#8221; header_6_text_shadow_blur_strength_tablet=&#8221;1px&#8221; box_shadow_horizontal_tablet=&#8221;0px&#8221; box_shadow_vertical_tablet=&#8221;0px&#8221; box_shadow_blur_tablet=&#8221;40px&#8221; box_shadow_spread_tablet=&#8221;0px&#8221; global_colors_info=&#8221;{}&#8221; sticky_enabled=&#8221;0&#8243;]<\/p>\n<p><strong>GGW Gruber &amp; Co GmbH<br \/><\/strong><\/p>\n<p><strong>Business purpose:<\/strong> Trading in the field of metrology and testing technology<br \/><strong>VAT ID No.:<\/strong> ATU27130609<br \/><strong>Registry No.:<\/strong> 86151v<br \/><strong>Registry court:<\/strong> HG Wien<br \/><strong>Headquarters:<\/strong> Wien<\/p>\n<p><strong>Adress:<\/strong><br \/>Kolingasse 6, 1090 Wien | Austria<\/p>\n<p><strong>Contact details:<\/strong><br \/>Phone: +43 1 310 75 96-0<br \/>E-mail: <a href=\"mailto:office@ggwgruber.com\">office@ggwgruber.com<\/a><\/p>\n<p><a href=\"http:\/\/www.wkoecg.at\/Web\/Ecg.aspx?FirmaID=86881156-7814-4b8f-9411-f91e37f661ff&amp;AspxAutoDetectCookieSupport=1\">Information obligation according to \u00a75 E-Commerce Gesetz, \u00a714 Unternehmensgesetzbuch as well as \u00a763 Gewerbeordnung and disclosure obligation according to \u00a725 Mediengesetz<\/a><\/p>\n<p class=\"adsimple-221089806\"><strong>Member of:<\/strong> WKO, ARA<br \/><strong>ARA licence No.: <\/strong>3661<br \/><strong>Law of profession:<\/strong><br \/>Trading regulation: <a href=\"https:\/\/www.ris.bka.gv.at\/\">www.ris.bka.gv.at<\/a><\/p>\n<p class=\"adsimple-221089806\"><strong>Supervisory authority:<\/strong> District office of the 9th district<br \/><strong>Conferring state:<\/strong> Austria<\/p>\n<p class=\"adsimple-221089806\"><strong>Executive board:<\/strong><br \/>Judit Wiefler<br \/>Karl Wiefler<\/p>\n<p class=\"adsimple-221089806\"><strong>Online dispute resolution<\/strong><\/p>\n<p>In accordance to legal obligations we inform you of the EU platform for online dispute resolution. The European Commission has set up this platform which can be reached via this link: <a href=\"https:\/\/ec.europa.eu\/consumers\/odr\/main\/?event=main.home2.show\">https:\/\/ec.europa.eu\/consumers\/odr\/<\/a><br \/>For any complains you can alternativly contact us via the contact details provided above.<\/p>\n<p class=\"adsimple-221089806\"><strong>Copyrights and image rights<\/strong><\/p>\n<p>The contents (images, illustrations, texts, videos etc) of this website are protected by copyright. Any use of copyrighted content, in particular duplication or distribution, is prohibited. On violation of this copyright legal action will be taken, if necessary.<\/p>\n<p>[\/et_pb_text][\/et_pb_column][\/et_pb_row][\/et_pb_section]<\/p>\n","protected":false},"excerpt":{"rendered":"<p>GGW Gruber &amp; Co GmbH Business purpose: Trading in the field of metrology and testing technologyVAT ID No.: ATU27130609Registry No.: 86151vRegistry court: HG WienHeadquarters: Wien Adress:Kolingasse 6, 1090 Wien | Austria Contact details:Phone: +43 1 310 75 96-0E-mail: office@ggwgruber.com Information obligation according to \u00a75 E-Commerce Gesetz, \u00a714 Unternehmensgesetzbuch as well as \u00a763 Gewerbeordnung and disclosure [&hellip;]<\/p>\n","protected":false},"author":1,"featured_media":0,"parent":0,"menu_order":0,"comment_status":"closed","ping_status":"closed","template":"","meta":{"_et_pb_use_builder":"on","_et_pb_old_content":"<strong>GGW Gruber & Co GmbH\r\n<\/strong>Kolingasse 6\r\n1090 Wien\r\n\u00d6sterreich\r\n\r\nTelefon:\u00a0+43 1 310 75 96-0\r\nFax:\u00a0+43 1 310 75 96-31\r\nE-Mail: <a href=\"mailto:office@ggwgruber.com\">office@ggwgruber.com<\/a>\r\n\r\n<strong>Unternehmensgegenstand:<\/strong> Handel im Bereich Mess- und Pr\u00fcftechnik\r\nUID-Nummer: ATU27130609\r\n<strong>Firmenbuchnummer:<\/strong> 86151v\r\n<strong>Firmenbuchgericht:<\/strong> HG Wien\r\n<strong>Firmensitz:<\/strong> Wien\r\nARA Lizenz Nr.:\u00a03661\r\n\r\n<a href=\"http:\/\/www.wkoecg.at\/Web\/Ecg.aspx?FirmaID=86881156-7814-4b8f-9411-f91e37f661ff&AspxAutoDetectCookieSupport=1\">Informationspflicht lt. \u00a75 E-Commerce Gesetz, \u00a714 Unternehmensgesetzbuch bzw. \u00a763 Gewerbeordnung und Offenlegungspflicht lt. \u00a725 Mediengesetz<\/a>\r\n<p class=\"adsimple-221089806\"><strong>Mitglied bei:<\/strong> WKO, ARA\r\n<strong>Berufsrecht:<\/strong> Gewerbeordnung: www.ris.bka.gv.at<\/p>\r\n<p class=\"adsimple-221089806\"><strong>Aufsichtsbeh\u00f6rde\/Gewerbebeh\u00f6rde:<\/strong> Magistratisches Bezirksamt des IX. Bezirkes\r\n<strong>Verleihungsstaat:<\/strong> \u00d6sterreich<\/p>\r\n<p class=\"adsimple-221089806\"><strong>Gesch\u00e4ftsf\u00fchrer:<\/strong>\r\nJudit Wiefler\r\nKarl Wiefler<\/p>\r\n<strong>Prokurist:<\/strong>\r\nJohannes Riha\r\n<p class=\"adsimple-221089806\"><strong>Beteiligungsverh\u00e4ltnisse:<\/strong>\r\nGesellschafter: Judit Wiefler 55,00%, Karl Wiefler 15,00%, Johannes Riha 15,00%, Claudia Riha 15,00%<\/p>\r\n<p class=\"adsimple-221089806\"><strong>EU-Streitschlichtung<\/strong><\/p>\r\nGem\u00e4\u00df Verordnung \u00fcber Online-Streitbeilegung in Verbraucherangelegenheiten (ODR-Verordnung) m\u00f6chten wir Sie \u00fcber die Online-Streitbeilegungsplattform (OS-Plattform) informieren.\r\nVerbraucher haben die M\u00f6glichkeit, Beschwerden an die Online Streitbeilegungsplattform der Europ\u00e4ischen Kommission unter <a class=\"adsimple-221089806\" href=\"https:\/\/ec.europa.eu\/consumers\/odr\/main\/index.cfm?event=main.home2.show&lng=DE\" target=\"_blank\" rel=\"nofollow noopener noreferrer\">http:\/\/ec.europa.eu\/odr?tid=221089806<\/a> zu richten. Die daf\u00fcr notwendigen Kontaktdaten finden Sie oberhalb in unserem Impressum.\r\n\r\nWir m\u00f6chten Sie jedoch darauf hinweisen, dass wir nicht bereit oder verpflichtet sind, an Streitbeilegungsverfahren vor einer Verbraucherschlichtungsstelle teilzunehmen.\r\n<p class=\"adsimple-221089806\"><strong>Haftung f\u00fcr Inhalte dieser Webseite<\/strong><\/p>\r\nWir entwickeln die Inhalte dieser Webseite st\u00e4ndig weiter und bem\u00fchen uns korrekte und aktuelle Informationen bereitzustellen. Leider k\u00f6nnen wir keine Haftung f\u00fcr die Korrektheit aller Inhalte auf dieser Webseite \u00fcbernehmen, speziell f\u00fcr jene die seitens Dritter bereitgestellt wurden.\r\n\r\nSollten Ihnen problematische oder rechtswidrige Inhalte auffallen, bitten wir Sie uns umgehend zu kontaktieren, Sie finden die Kontaktdaten im Impressum.\r\n<p class=\"adsimple-221089806\"><strong>Haftung f\u00fcr Links auf dieser Webseite<\/strong><\/p>\r\nUnsere Webseite enth\u00e4lt Links zu anderen Webseiten f\u00fcr deren Inhalt wir nicht verantwortlich sind. Haftung f\u00fcr verlinkte Websites besteht laut <a class=\"adsimple-221089806\" href=\"https:\/\/www.ris.bka.gv.at\/Dokument.wxe?Abfrage=Bundesnormen&Dokumentnummer=NOR40025813&tid=221089806\" target=\"_blank\" rel=\"noopener nofollow noreferrer\">\u00a7 17 ECG<\/a> f\u00fcr uns nicht, da wir keine Kenntnis rechtswidriger T\u00e4tigkeiten hatten und haben, uns solche Rechtswidrigkeiten auch bisher nicht aufgefallen sind und wir Links sofort entfernen w\u00fcrden, wenn uns Rechtswidrigkeiten bekannt werden.\r\n\r\nWenn Ihnen rechtswidrige Links auf unserer Website auffallen, bitten wir Sie uns zu kontaktieren, Sie finden die Kontaktdaten im Impressum.\r\n<p class=\"adsimple-221089806\"><strong>Urheberrechtshinweis<\/strong><\/p>\r\nAlle Inhalte dieser Webseite (Bilder, Fotos, Texte, Videos) unterliegen dem Urheberrecht. Falls notwendig, werden wir die unerlaubte Nutzung von Teilen der Inhalte unserer Seite rechtlich verfolgen.\r\n<p class=\"adsimple-221089806\"><strong>Bildernachweis<\/strong><\/p>\r\nDie Bilder, Fotos und Grafiken auf dieser Webseite sind urheberrechtlich gesch\u00fctzt.","_et_gb_content_width":"","footnotes":""},"aioseo_notices":[],"_links":{"self":[{"href":"https:\/\/www.ggwgruber.com\/eu\/wp-json\/wp\/v2\/pages\/367"}],"collection":[{"href":"https:\/\/www.ggwgruber.com\/eu\/wp-json\/wp\/v2\/pages"}],"about":[{"href":"https:\/\/www.ggwgruber.com\/eu\/wp-json\/wp\/v2\/types\/page"}],"author":[{"embeddable":true,"href":"https:\/\/www.ggwgruber.com\/eu\/wp-json\/wp\/v2\/users\/1"}],"replies":[{"embeddable":true,"href":"https:\/\/www.ggwgruber.com\/eu\/wp-json\/wp\/v2\/comments?post=367"}],"version-history":[{"count":17,"href":"https:\/\/www.ggwgruber.com\/eu\/wp-json\/wp\/v2\/pages\/367\/revisions"}],"predecessor-version":[{"id":11507,"href":"https:\/\/www.ggwgruber.com\/eu\/wp-json\/wp\/v2\/pages\/367\/revisions\/11507"}],"wp:attachment":[{"href":"https:\/\/www.ggwgruber.com\/eu\/wp-json\/wp\/v2\/media?parent=367"}],"curies":[{"name":"wp","href":"https:\/\/api.w.org\/{rel}","templated":true}]}}