{"id":10944,"date":"2020-11-10T13:03:25","date_gmt":"2020-11-10T12:03:25","guid":{"rendered":"https:\/\/www.ggwgruber.at\/?page_id=10944"},"modified":"2023-05-16T13:18:28","modified_gmt":"2023-05-16T11:18:28","slug":"jobs","status":"publish","type":"page","link":"https:\/\/www.ggwgruber.com\/eu\/jobs\/","title":{"rendered":"Jobs"},"content":{"rendered":"<p>[et_pb_section fb_built=&#8221;1&#8243; fullwidth=&#8221;on&#8221; _builder_version=&#8221;4.3.4&#8243; da_disable_devices=&#8221;off|off|off&#8221; da_is_popup=&#8221;off&#8221; da_exit_intent=&#8221;off&#8221; da_has_close=&#8221;on&#8221; da_alt_close=&#8221;off&#8221; da_dark_close=&#8221;off&#8221; da_not_modal=&#8221;on&#8221; da_is_singular=&#8221;off&#8221; da_with_loader=&#8221;off&#8221; da_has_shadow=&#8221;on&#8221;][et_pb_fullwidth_image src=&#8221;https:\/\/www.ggwgruber.com\/eu\/wp-content\/uploads\/2023\/05\/Karriere_Personen.jpg&#8221; _builder_version=&#8221;4.3.4&#8243; max_height=&#8221;350px&#8221;][\/et_pb_fullwidth_image][et_pb_fullwidth_header title=&#8221;Career at GGW&#8221; _builder_version=&#8221;4.3.4&#8243; title_font=&#8221;|700|||||||&#8221; use_background_color_gradient=&#8221;on&#8221; background_color_gradient_end=&#8221;#1c598e&#8221; background_color_gradient_direction=&#8221;270deg&#8221; background_color_gradient_start_position=&#8221;16%&#8221;]<\/p>\n<p>You want to pursue a career at a successful, long-standing company? Then have a look at our current job offers. We surely have something for you. And if not then just send us an unsolicited application. Maybe we need exactly you!<\/p>\n<p>[\/et_pb_fullwidth_header][\/et_pb_section][et_pb_section fb_built=&#8221;1&#8243; _builder_version=&#8221;4.3.4&#8243; da_disable_devices=&#8221;off|off|off&#8221; da_is_popup=&#8221;off&#8221; da_exit_intent=&#8221;off&#8221; da_has_close=&#8221;on&#8221; da_alt_close=&#8221;off&#8221; da_dark_close=&#8221;off&#8221; da_not_modal=&#8221;on&#8221; da_is_singular=&#8221;off&#8221; da_with_loader=&#8221;off&#8221; da_has_shadow=&#8221;on&#8221;][et_pb_row _builder_version=&#8221;4.3.4&#8243;][et_pb_column type=&#8221;4_4&#8243; _builder_version=&#8221;4.3.4&#8243;][et_pb_text _builder_version=&#8221;4.3.4&#8243; custom_padding=&#8221;||17px||false|false&#8221;]<\/p>\n<p>For a successful application please send us your resume with a picture of you and all of the relevant certificates (from school, studies, advanced training etc).<\/p>\n<p>[\/et_pb_text][et_pb_text _builder_version=&#8221;4.3.4&#8243; header_2_font_size=&#8221;28px&#8221;]<\/p>\n<h2><strong>Current job offers<\/strong><\/h2>\n<p>[\/et_pb_text][et_pb_text _builder_version=&#8221;4.3.4&#8243; background_color=&#8221;#eef5fc&#8221; custom_padding=&#8221;10px|10px|10px|10px|true|true&#8221; border_radii=&#8221;on|5px|5px|5px|5px&#8221; border_color_all=&#8221;rgba(0,0,0,0)&#8221; box_shadow_style=&#8221;preset1&#8243;]<\/p>\n<p>We are currently not looking for anyone but that shouldn&#8217;t stop you from sending us a spontaneous application.\u00a0<\/p>\n<p>[\/et_pb_text][et_pb_text disabled_on=&#8221;on|on|on&#8221; _builder_version=&#8221;4.3.4&#8243; header_3_font_size=&#8221;20px&#8221; custom_padding=&#8221;20px|20px|20px|20px|true|true&#8221; link_option_url=&#8221;#pop_1&#8243; text_font_size_tablet=&#8221;&#8221; text_font_size_phone=&#8221;16px&#8221; text_font_size_last_edited=&#8221;on|phone&#8221; header_3_font_size_tablet=&#8221;&#8221; header_3_font_size_phone=&#8221;18px&#8221; header_3_font_size_last_edited=&#8221;on|desktop&#8221; border_radii=&#8221;on|5px|5px|5px|5px&#8221; box_shadow_style=&#8221;preset2&#8243; box_shadow_horizontal=&#8221;2px&#8221; box_shadow_vertical=&#8221;2px&#8221; box_shadow_blur=&#8221;10px&#8221; disabled=&#8221;on&#8221;]<\/p>\n<h3><strong>Service- und Anwendungstechniker (m\/w)<br \/><\/strong>f\u00fcr 3D-Koordinatenmessger\u00e4te<\/h3>\n<p>&nbsp;<\/p>\n<p>[\/et_pb_text][et_pb_text disabled_on=&#8221;on|on|on&#8221; _builder_version=&#8221;4.3.4&#8243; header_3_font_size=&#8221;20px&#8221; custom_padding=&#8221;20px|20px|20px|20px|true|true&#8221; link_option_url=&#8221;#pop_2&#8243; text_font_size_tablet=&#8221;&#8221; text_font_size_phone=&#8221;16px&#8221; text_font_size_last_edited=&#8221;on|phone&#8221; header_3_font_size_tablet=&#8221;&#8221; header_3_font_size_phone=&#8221;18px&#8221; header_3_font_size_last_edited=&#8221;on|desktop&#8221; border_radii=&#8221;on|5px|5px|5px|5px&#8221; box_shadow_style=&#8221;preset2&#8243; box_shadow_horizontal=&#8221;2px&#8221; box_shadow_vertical=&#8221;2px&#8221; box_shadow_blur=&#8221;10px&#8221; disabled=&#8221;on&#8221;]<\/p>\n<h3><strong>Service- und Anwendungstechniker (m\/w)<br \/><\/strong>f\u00fcr L\u00e4ngenmessger\u00e4te<\/h3>\n<p>&nbsp;<\/p>\n<p>[\/et_pb_text][\/et_pb_column][\/et_pb_row][\/et_pb_section][et_pb_section fb_built=&#8221;1&#8243; admin_label=&#8221;Popup 1&#8243; module_id=&#8221;pop_1&#8243; module_class=&#8221;popup single&#8221; _builder_version=&#8221;4.3.4&#8243; max_width=&#8221;60%&#8221; max_width_tablet=&#8221;100%&#8221; max_width_phone=&#8221;&#8221; max_width_last_edited=&#8221;on|phone&#8221; da_is_popup=&#8221;on&#8221; da_popup_slug=&#8221;pop_1&#8243; da_is_singular=&#8221;on&#8221; da_disable_devices=&#8221;off|off|off&#8221; border_radii=&#8221;on|10px|10px|10px|10px&#8221; da_exit_intent=&#8221;off&#8221; da_has_close=&#8221;on&#8221; da_alt_close=&#8221;off&#8221; da_dark_close=&#8221;off&#8221; da_not_modal=&#8221;on&#8221; da_with_loader=&#8221;off&#8221; da_has_shadow=&#8221;on&#8221;][et_pb_row _builder_version=&#8221;4.3.4&#8243; custom_margin=&#8221;||||false|false&#8221; custom_padding=&#8221;30px|30px|30px|30px|true|true&#8221;][et_pb_column type=&#8221;4_4&#8243; _builder_version=&#8221;4.3.4&#8243;][et_pb_text _builder_version=&#8221;4.3.4&#8243; header_3_font_size=&#8221;20px&#8221; text_line_height_phone=&#8221;1.4em&#8221; text_line_height_last_edited=&#8221;off|phone&#8221; header_3_font_size_tablet=&#8221;&#8221; header_3_font_size_phone=&#8221;18px&#8221; header_3_font_size_last_edited=&#8221;on|phone&#8221;]<\/p>\n<h3><strong>Service- und Anwendungstechniker (m\/w)<\/strong><br \/>f\u00fcr 3D-Koordinatenmessger\u00e4te<\/h3>\n<p>&nbsp;<\/p>\n<p><strong>Ihre Aufgaben<\/strong><\/p>\n<ul>\n<li>Neuinstallation von Messger\u00e4ten beim Kunden vor Ort<\/li>\n<li>Wartung und Kalibrierung von 3D-Koordinatenmessger\u00e4ten<\/li>\n<li>Durchf\u00fchrung von Schulungen von AnwenderInnen<\/li>\n<li>System- und Softwarevorf\u00fchrungen<\/li>\n<li>Analyse von anspruchsvollen, messtechnischen Aufgabenstellungen<\/li>\n<\/ul>\n<p><strong>Ihre Qualifikation<\/strong><\/p>\n<ul>\n<li>Abgeschlossene Ausbildung im Bereich Maschinenbau oder Mechatronik<\/li>\n<li>Weiterbildung in der Messtechnik von Vorteil<\/li>\n<li>Kenntnisse in der 3D-Koordinatenmesstechnik<\/li>\n<li>Anwendung und Programmierung von 3D-Koordinatenmessger\u00e4ten<\/li>\n<li>Erfahrungen im Qualit\u00e4tsmanagement<\/li>\n<li>Zuverl\u00e4ssigkeit, Selbstst\u00e4ndigkeit<\/li>\n<li>Hohe Reisebereitschaft (rund 80%, Einsatzgebiet: \u00d6sterreich)<\/li>\n<li>Englischkenntnisse von Vorteil<\/li>\n<li>F\u00fchrerschein Klasse B<\/li>\n<\/ul>\n<p><strong>Unser Angebot an Sie<\/strong><\/p>\n<p><strong><\/strong><\/p>\n<ul>\n<li>Vollzeitt\u00e4tigkeit (38,5 h)<\/li>\n<li>Abwechslungsreiches und vielf\u00e4ltiges Aufgabengebiet<\/li>\n<li>Eigenverantwortung<\/li>\n<li>Stetige Weiterbildung<\/li>\n<li>Famili\u00e4res Betriebsklima<\/li>\n<li>Dienstwagen<\/li>\n<li>Garantiertes Brutto-Jahresgehalt von EUR 40.000,-<\/li>\n<li>sowie die Bereitschaft zur \u00dcberzahlung, abh\u00e4ngig von Qualifikation und Berufserfahrung<\/li>\n<\/ul>\n<p>[\/et_pb_text][et_pb_button button_url=&#8221;mailto:bewerbung@ggwgruber.at&#8221; button_text=&#8221;Gleich bewerben!&#8221; _builder_version=&#8221;4.3.4&#8243;][\/et_pb_button][\/et_pb_column][\/et_pb_row][\/et_pb_section][et_pb_section fb_built=&#8221;1&#8243; admin_label=&#8221;Popup 2&#8243; module_id=&#8221;pop_2&#8243; module_class=&#8221;popup single&#8221; _builder_version=&#8221;4.3.4&#8243; max_width=&#8221;60%&#8221; max_width_tablet=&#8221;100%&#8221; max_width_phone=&#8221;&#8221; max_width_last_edited=&#8221;on|phone&#8221; da_is_popup=&#8221;on&#8221; da_popup_slug=&#8221;pop_2&#8243; da_is_singular=&#8221;on&#8221; da_disable_devices=&#8221;off|off|off&#8221; border_radii=&#8221;on|10px|10px|10px|10px&#8221; da_exit_intent=&#8221;off&#8221; da_has_close=&#8221;on&#8221; da_alt_close=&#8221;off&#8221; da_dark_close=&#8221;off&#8221; da_not_modal=&#8221;on&#8221; da_with_loader=&#8221;off&#8221; da_has_shadow=&#8221;on&#8221;][et_pb_row _builder_version=&#8221;4.3.4&#8243; custom_margin=&#8221;||||false|false&#8221; custom_padding=&#8221;30px|30px|30px|30px|true|true&#8221;][et_pb_column type=&#8221;4_4&#8243; _builder_version=&#8221;4.3.4&#8243;][et_pb_text _builder_version=&#8221;4.3.4&#8243; header_3_font_size=&#8221;20px&#8221; text_line_height_phone=&#8221;1.4em&#8221; text_line_height_last_edited=&#8221;off|phone&#8221; header_3_font_size_tablet=&#8221;&#8221; header_3_font_size_phone=&#8221;18px&#8221; header_3_font_size_last_edited=&#8221;on|phone&#8221;]<\/p>\n<h3><strong style=\"font-size: 20px;\">Service- und Anwendungstechniker (m\/w)<br \/><\/strong>f\u00fcr L\u00e4ngenmessger\u00e4te<\/h3>\n<p>&nbsp;<\/p>\n<p><strong>Ihre Aufgaben<\/strong><\/p>\n<ul>\n<li>Betreuung und technische Beratung bestehender KundInnen<\/li>\n<li>Analyse von anspruchsvollen, messtechnischen Aufgabenstellungen<\/li>\n<li>Service, Auslieferung und Inbetriebnahme von Messger\u00e4ten<\/li>\n<li>System- und Softwarevorf\u00fchrungen<\/li>\n<li>Durchf\u00fchrung von Schulungen von AnwenderInnen<\/li>\n<\/ul>\n<p><strong>Ihre Qualifikation<\/strong><\/p>\n<ul>\n<li>Abgeschlossene technische Ausbildung im Bereich Maschinenbau oder Mechatronik<\/li>\n<li>Praxis in der Messtechnik<\/li>\n<li>Erfahrung im Bereich QM\/QS w\u00fcnschenswert<\/li>\n<li>Gro\u00dfe Reise- und Einsatzbereitschaft (Gebiet: \u00d6sterreich)<\/li>\n<li>Belastbarkeit, Teamf\u00e4higkeit sowie sicheres Auftreten<\/li>\n<li>F\u00fchrerschein Klasse B<\/li>\n<\/ul>\n<p><strong>Unser Angebot an Sie<\/strong><\/p>\n<p><strong><\/strong><\/p>\n<ul>\n<li>Vollzeitt\u00e4tigkeit (38,5 h)<\/li>\n<li>Abwechslungsreiches und vielf\u00e4ltiges Aufgabengebiet<\/li>\n<li>Hohe Eigenverantwortung<\/li>\n<li>Gutes und famili\u00e4res Betriebsklima<\/li>\n<li>Einschl\u00e4gige Schulungen<\/li>\n<li>Firmen PKW mit Privatnutzung<\/li>\n<li>Garantiertes Brutto-Jahresgehalt EUR 40.000,-<\/li>\n<li>sowie die Bereitschaft zur \u00dcberzahlung, abh\u00e4ngig von Qualifikation und Berufserfahrung<\/li>\n<\/ul>\n<p>[\/et_pb_text][et_pb_button button_url=&#8221;mailto:bewerbung@ggwgruber.at&#8221; button_text=&#8221;Gleich bewerben!&#8221; _builder_version=&#8221;4.3.4&#8243;][\/et_pb_button][\/et_pb_column][\/et_pb_row][\/et_pb_section]<\/p>\n","protected":false},"excerpt":{"rendered":"<p>You want to pursue a career at a successful, long-standing company? Then have a look at our current job offers. We surely have something for you. And if not then just send us an unsolicited application. Maybe we need exactly you!For a successful application please send us your resume with a picture of you and [&hellip;]<\/p>\n","protected":false},"author":7,"featured_media":0,"parent":0,"menu_order":0,"comment_status":"closed","ping_status":"closed","template":"","meta":{"_et_pb_use_builder":"on","_et_pb_old_content":"","_et_gb_content_width":"","footnotes":""},"aioseo_notices":[],"_links":{"self":[{"href":"https:\/\/www.ggwgruber.com\/eu\/wp-json\/wp\/v2\/pages\/10944"}],"collection":[{"href":"https:\/\/www.ggwgruber.com\/eu\/wp-json\/wp\/v2\/pages"}],"about":[{"href":"https:\/\/www.ggwgruber.com\/eu\/wp-json\/wp\/v2\/types\/page"}],"author":[{"embeddable":true,"href":"https:\/\/www.ggwgruber.com\/eu\/wp-json\/wp\/v2\/users\/7"}],"replies":[{"embeddable":true,"href":"https:\/\/www.ggwgruber.com\/eu\/wp-json\/wp\/v2\/comments?post=10944"}],"version-history":[{"count":23,"href":"https:\/\/www.ggwgruber.com\/eu\/wp-json\/wp\/v2\/pages\/10944\/revisions"}],"predecessor-version":[{"id":11185,"href":"https:\/\/www.ggwgruber.com\/eu\/wp-json\/wp\/v2\/pages\/10944\/revisions\/11185"}],"wp:attachment":[{"href":"https:\/\/www.ggwgruber.com\/eu\/wp-json\/wp\/v2\/media?parent=10944"}],"curies":[{"name":"wp","href":"https:\/\/api.w.org\/{rel}","templated":true}]}}